{"id":543,"date":"2019-04-07T01:57:01","date_gmt":"2019-04-06T23:57:01","guid":{"rendered":"http:\/\/lecubin.fr\/?page_id=543"},"modified":"2025-02-10T17:09:17","modified_gmt":"2025-02-10T16:09:17","slug":"toponymie","status":"publish","type":"page","link":"https:\/\/lecubin.fr\/index.php\/toponymie\/","title":{"rendered":"Toponymie"},"content":{"rendered":"\n\n\n<p class=\"has-large-font-size\"><strong>Note de pr\u00e9sentation de la toponymie du Loir-et-Cher<\/strong><\/p>\n\n\n\n<p>Chacun des 23 cantons originels\ndu d\u00e9partement de Loir-et-Cher, comporte quatre grands dossiers, \u00e0\nsavoir&nbsp;:<\/p>\n\n\n\n<p><strong><em>A-Introduction \u00e0 la\nmicro-toponymie du canton<\/em><\/strong>, divis\u00e9e comme suit&nbsp;:<\/p>\n\n\n\n<ul class=\"wp-block-list\">\n<li>un tableau donnant, pour chaque commune, les r\u00e9f\u00e9rences INSEE , la date du cadastre Napol\u00e9onien, la superficie totale, le nombre de parcelles, la moyenne parcellaire et le nombre de micro-toponymes recens\u00e9s.<\/li>\n<\/ul>\n\n\n\n<ul class=\"wp-block-list\">\n<li>une rapide pr\u00e9sentation de la ou des r\u00e9gions naturelles qui recouvrent le canton sur la base de la carte \u00e9tablie par la Chambre d\u2019Agriculture de Loir-et-Cher.<\/li>\n<\/ul>\n\n\n\n<ul class=\"wp-block-list\">\n<li>une courte analyse parcellaire faisant ressortir les superficies moyennes des parcelles.<\/li>\n<\/ul>\n\n\n\n<ul class=\"wp-block-list\">\n<li>un aper\u00e7u des grands th\u00e8mes toponymiques qui peuvent&nbsp; appara\u00eetre dans certains cantons, avec des exemples d\u2019explications de certains micro-toponymes.<\/li>\n<\/ul>\n\n\n\n<ul class=\"wp-block-list\">\n<li>une liste donnant la d\u00e9nomination des sections pour chaque commune.<\/li>\n<\/ul>\n\n\n\n<p>Le cadastre communal, d\u00e8s son\norigine, comprend&nbsp;:<\/p>\n\n\n\n<ul class=\"wp-block-list\">\n<li>un tableau d\u2019assemblage sur lequel sont figur\u00e9es les diff\u00e9rentes sections (ou \u00ab&nbsp;climats&nbsp;\u00bb) composant la commune,<\/li>\n<\/ul>\n\n\n\n<ul class=\"wp-block-list\">\n<li>des feuilles de sections avec num\u00e9ration en lettres (A, B, C, D, etc.). Certaines grandes sections peuvent comporter plusieurs feuilles (A1,A2,A3, B1, B2, etc.)<\/li>\n<\/ul>\n\n\n\n<p>Chaque feuille de sections porte\nun nom d\u00e9coulant d\u2019un gros bourg ou d\u2019une ferme importante qui la compose, d\u2019un\n\u00e9tang, d\u2019un bois, d\u2019un ruisseau,\u2026. Ces sections correspondent, en g\u00e9n\u00e9ral, \u00e0\nune petite r\u00e9gion naturelle de la commune, appel\u00e9e \u00ab&nbsp;climat&nbsp;\u00bb.<\/p>\n\n\n\n<p><strong><em>B-Liste alphab\u00e9tique de la\nmicro-toponymie du canton.<\/em><\/strong><\/p>\n\n\n\n<p>Chaque micro-toponyme est suivi\ndu\/ou des num\u00e9ros INSEE des communes dans lequel on le retrouve et de\nl\u2019indication de la\/ ou des feuilles de sections o\u00f9 il se situe, permettant\nainsi un rep\u00e9rage graphique rapide.<\/p>\n\n\n\n<p>C-<strong><em>Tableau cantonal de\nrecensement des caves<\/em><\/strong><\/p>\n\n\n\n<p>Les \u00e9tats de sections qui\naccompagnent chaque cadastre communal font mention des&nbsp;:<\/p>\n\n\n\n<ul class=\"wp-block-list\">\n<li>num\u00e9ros de parcelle,du nom du propri\u00e9taire, de na d\u00e9nomination du lieu-dit, de la nature de culture ou du b\u00e2ti qui occupent la parcelle et des diff\u00e9rents taux d\u2019imposition appliqu\u00e9s en fonction de ces diff\u00e9rentes natures. C\u2019est ainsi que, dans le b\u00e2ti figure les caves creus\u00e9es, ou \u00e0 l\u2019origine naturelles appartenant aux diff\u00e9rents propri\u00e9taires.<\/li>\n<\/ul>\n\n\n\n<p>L\u2019inventaire de ces caves est\npr\u00e9cieux car, certaines ayant disparu, en surface, depuis parfois plusieurs\nd\u00e9cennies, leur pr\u00e9sence dans le sol peut pr\u00e9senter un risque dans des secteurs\nsujets \u00e0 des glissements de terrain. Cet inventaire s\u2019adresse donc,\nprioritairement aux services de l\u2019\u00c9tat charg\u00e9s de la pr\u00e9vention contre les\nrisques naturels.<\/p>\n\n\n\n<p><strong><em>D-Tableau cantonal\nr\u00e9capitulatif des superficies parcellaires communales.<\/em><\/strong><\/p>\n\n\n\n<p>Ces diff\u00e9rents tableaux peuvent\ndonner une image int\u00e9ressante de la physionomie des parcellaires pour chaque\ncommune, \u00e0 savoir par exemple&nbsp;:<\/p>\n\n\n\n<ul class=\"wp-block-list\">\n<li>un tr\u00e8s petit parcellaire, tr\u00e8s souvent lani\u00e8r\u00e9, rappelant un paysage de vignoble,<\/li>\n<\/ul>\n\n\n\n<ul class=\"wp-block-list\">\n<li>un parcellaire moyen li\u00e9 \u00e0 une activit\u00e9 de culture ou d\u2019\u00e9levage,<\/li>\n<\/ul>\n\n\n\n<ul class=\"wp-block-list\">\n<li>un vaste parcellaire correspondant aux zones de landes principalement en Sologne.<\/li>\n<\/ul>\n\n\n\n<p><\/p>\n\n\n\n<p class=\"has-large-font-size\"><strong>Pourquoi un dictionnaire de toponymie&nbsp;?<\/strong><\/p>\n\n\n\n<p>C&rsquo;est\nau d\u00e9but des ann\u00e9es 2000 que j&rsquo;ai commenc\u00e9 \u00e0 d\u00e9pouiller syst\u00e9matiquement tous\nles cadastres napol\u00e9oniens et les \u00e9tats de sections, qui sont leur corollaire,\nconserv\u00e9s aux Archives d\u00e9partementales de Loir-et-Cher. Un total de 56 790\ntoponymes pour les 297 communes regroup\u00e9es en 23 cantons originels.<\/p>\n\n\n\n<p>56790\ntoponymes qui ont \u00e9t\u00e9 recopi\u00e9s, puis saisis sur ordinateur avant d&rsquo;\u00eatre\nregroup\u00e9s par listes cantonales, puis en une seule liste d\u00e9partementale qui ne\ncomprend plus, apr\u00e8s regroupement des doublons, que 40 241 toponymes, soit une\nr\u00e9duction de 29%. Mais c&rsquo;est dire aussi que ces nombreuses manipulations n&rsquo;ont\npu se faire sans quelques erreurs ponctuelles que certains lecteurs pourront\n\u00e9ventuellement d\u00e9tecter. Qu&rsquo;ils&nbsp; le\nsignalent, tout en m&rsquo;accordant, je l&rsquo;esp\u00e8re, une certaine indulgence en\nsongeant que la perfection n&rsquo;existe pas.<\/p>\n\n\n\n<p>Pourquoi\nce dictionnaire&nbsp;? En premier lieu, parce que, d\u00e8s que j&rsquo;ai commenc\u00e9 \u00e0\nfaire des recherches arch\u00e9ologiques sur l&rsquo;ensemble du d\u00e9partement de\nLoir-et-Cher, j&rsquo;ai compris que la toponymie pouvait \u00eatre un vecteur int\u00e9ressant\npour aider \u00e0 d\u00e9tecter certains sites. Lorsque nous avons r\u00e9alis\u00e9 en 1974, avec\nJackie Despri\u00e9e, Jean-Marie Lorain et Jacques Cartraud, le troisi\u00e8me tome de\nl&rsquo;Inventaire des M\u00e9galithes de la France, consacr\u00e9 au Loir-et-Cher, nous nous\nsommes int\u00e9ress\u00e9s \u00e0 certains toponymes qui auraient pu \u00eatre des indicateurs de\nm\u00e9galithes disparus (grosse pierre, pierre lev\u00e9e, pierre plate, etc.), mais\nnous ne poss\u00e9dions aucun d\u00e9pouillement complet pouvant nous aider dans cette\nrecherche. Nous nous sommes donc content\u00e9s de quelques sondages dans des\ncommunes qui nous semblaient propices \u00e0 r\u00e9pondre \u00e0 un tel questionnement. Cette\nenqu\u00eate resta sommaire.<\/p>\n\n\n\n<p>\u00c0\npropos de l&rsquo;arch\u00e9ologie, les micro-toponymes peuvent \u00eatre des indices, voire\nm\u00eame des t\u00e9moins de sites aujourd&rsquo;hui totalement disparus&nbsp;: les\n\u00ab&nbsp;ch\u00e2tellier&nbsp;\u00bb, ch\u00e2tillon&nbsp;\u00bb, \u00ab&nbsp;vieux ch\u00e2teau&nbsp;\u00bb\naffect\u00e9s \u00e0 des structures qui ont, il y a quelques ann\u00e9es, \u00e9t\u00e9 reconnues comme\nprotohistoriques&nbsp;; les \u00ab&nbsp;maison rouge&nbsp;\u00bb, grange rouge&nbsp;\u00bb,\n\u00ab&nbsp;maison noire&nbsp;\u00bb, voire \u00ab&nbsp;bordebure&nbsp;\u00bb, qui proposent des\nvestiges gallo-romains;ou encore les \u00ab&nbsp;motte&nbsp;\u00bb, les\n\u00ab&nbsp;plessis&nbsp;\u00bb en liaison avec la f\u00e9odalit\u00e9. Ce ne sont l\u00e0 que quelques\nexemples.<\/p>\n\n\n\n<p>Dans\nle domaine de la linguistique, la moisson est tr\u00e8s riche. Elle m\u00e9riterait\nd&rsquo;\u00eatre exploit\u00e9e de mani\u00e8re tr\u00e8s sp\u00e9cifique \u00e0 la recherche de tout un\nvocabulaire disparu, t\u00e9moin des vieux parlers de nos r\u00e9gions que nous\nconservent quelques glossaires.<\/p>\n\n\n\n<p>Une\ncertaine curiosit\u00e9 intellectuelle, le lien entre arch\u00e9ologie et toponymie \u2013\nvoire m\u00eame entre histoire et toponymie \u2013 , le myst\u00e8re entourant la formation de\nlieux-dits, tous ces \u00e9l\u00e9ments m&rsquo;incit\u00e8rent \u00e0 vouloir aller plus loin dans cette\nrecherche, en proposant des articles reprenant les toponymes \u00e0 l&rsquo;\u00e9chelle du\ncanton, avec une analyse sommaire de leur contenu. Fallait-il s\u2019arr\u00eater \u00e0 ces\npublications cantonales&nbsp;? Il m\u2019est apparu qu\u2019en regroupant ces listes\ncantonales en une seule liste d\u00e9partementale, avec disparition des doublons ,\nnous pouvions donc offrir au lecteur un v\u00e9ritable dictionnaire d\u00e9partemental de\nmicro-toponymie.<\/p>\n\n\n\n<p>Dernier\npoint, les relev\u00e9s par commune ont \u00e9t\u00e9 fait en indiquant, pour chaque toponyme,\nla feuille cadastrale o\u00f9 il figure, simplifiant peut-\u00eatre la recherche, mais\nalourdissant la pr\u00e9sentation. Nous avons donc pris le partie de conserver la\nmention de la feuille cadastrale pour les listes cantonales qui se trouvent\nenregistr\u00e9es aux Archives d\u00e9partementales de Loir-et-Cher et de ne conserver\nque le num\u00e9ro de la commune pour le dictionnaire d\u00e9partemental.<\/p>\n\n\n\n<p>Enfin\nune \u00e9tude th\u00e9matique termine ce dictionnaire d\u00e9partemental, elle comprend 317\nentr\u00e9es, r\u00e9parties entre&nbsp;:<\/p>\n\n\n\n<ul class=\"wp-block-list\">\n<li>le domaine de la religion&nbsp;: 92 entr\u00e9es,<\/li>\n<\/ul>\n\n\n\n<ul class=\"wp-block-list\">\n<li>les Hommes:31 entr\u00e9es,<\/li>\n<\/ul>\n\n\n\n<ul class=\"wp-block-list\">\n<li>le monde animal&nbsp;: 144 entr\u00e9es<\/li>\n<\/ul>\n\n\n\n<ul class=\"wp-block-list\">\n<li>le monde aquatique et v\u00e9g\u00e9tal&nbsp;: 19 entr\u00e9es,<\/li>\n<\/ul>\n\n\n\n<ul class=\"wp-block-list\">\n<li>divers&nbsp;: 31 entr\u00e9es.<\/li>\n<\/ul>\n\n\n\n<p><\/p>\n\n\n\n<p><\/p>\n\n\n\n<p><strong><mark>A bient\u00f4t !<\/mark><\/strong> pour cette \u00e9tude que nous mettrons en ligne \u00e0 disposition de chacun.<\/p>\n\n\n\n<p><\/p>\n","protected":false},"excerpt":{"rendered":"<p>Note de pr\u00e9sentation de la toponymie du Loir-et-Cher Chacun des 23 cantons originels du d\u00e9partement de Loir-et-Cher, comporte quatre grands dossiers, \u00e0 savoir&nbsp;: A-Introduction \u00e0 la micro-toponymie du canton, divis\u00e9e comme suit&nbsp;: Le cadastre communal, d\u00e8s son origine, comprend&nbsp;: Chaque feuille de sections porte un nom d\u00e9coulant d\u2019un gros bourg ou d\u2019une ferme importante qui &hellip; <\/p>\n<p class=\"link-more\"><a href=\"https:\/\/lecubin.fr\/index.php\/toponymie\/\" class=\"more-link\">Continuer la lecture<span class=\"screen-reader-text\"> de &laquo;&nbsp;Toponymie&nbsp;&raquo;<\/span><\/a><\/p>\n","protected":false},"author":1,"featured_media":0,"parent":0,"menu_order":0,"comment_status":"closed","ping_status":"closed","template":"","meta":{"footnotes":""},"class_list":["post-543","page","type-page","status-publish","hentry"],"_links":{"self":[{"href":"https:\/\/lecubin.fr\/index.php\/wp-json\/wp\/v2\/pages\/543","targetHints":{"allow":["GET"]}}],"collection":[{"href":"https:\/\/lecubin.fr\/index.php\/wp-json\/wp\/v2\/pages"}],"about":[{"href":"https:\/\/lecubin.fr\/index.php\/wp-json\/wp\/v2\/types\/page"}],"author":[{"embeddable":true,"href":"https:\/\/lecubin.fr\/index.php\/wp-json\/wp\/v2\/users\/1"}],"replies":[{"embeddable":true,"href":"https:\/\/lecubin.fr\/index.php\/wp-json\/wp\/v2\/comments?post=543"}],"version-history":[{"count":8,"href":"https:\/\/lecubin.fr\/index.php\/wp-json\/wp\/v2\/pages\/543\/revisions"}],"predecessor-version":[{"id":648,"href":"https:\/\/lecubin.fr\/index.php\/wp-json\/wp\/v2\/pages\/543\/revisions\/648"}],"wp:attachment":[{"href":"https:\/\/lecubin.fr\/index.php\/wp-json\/wp\/v2\/media?parent=543"}],"curies":[{"name":"wp","href":"https:\/\/api.w.org\/{rel}","templated":true}]}}