{"id":25,"date":"2017-12-24T16:13:59","date_gmt":"2017-12-24T15:13:59","guid":{"rendered":"http:\/\/lecubin.fr\/?page_id=25"},"modified":"2025-02-10T17:20:45","modified_gmt":"2025-02-10T16:20:45","slug":"accueil","status":"publish","type":"page","link":"https:\/\/lecubin.fr\/","title":{"rendered":"Accueil"},"content":{"rendered":"<p><span style=\"font-family: 'book antiqua', palatino, serif;\">Juste un petit site pour vous pr\u00e9senter un ami, un cr\u00e9ateur, un \u00e9crivain, un fanatique, un passionn\u00e9, un arch\u00e9ologue m\u00e9di\u00e9viste, bref tout un monde dans une seule personne, et bien s\u00fbr vous pouvez consulter ses recherches aux archives d\u00e9partementales du Loir-et-Cher, mais sur ce site vous pourrez \u00e9galement faire des recherches sur des noms de famille (menu Patronymes) ou des lieux-dits (menu Toponymie).<br \/>Ce site est un d\u00e9but, \u00e0 suivre&#8230;<\/span><\/p>\n<p><a href=\"http:\/\/lecubin.fr\/index.php\/un-resume-de-sa-vie\/\"><span style=\"font-size: 10pt; color: #ff0000;\"><span style=\"font-size: 12pt; color: #ff6600;\">Sa vie<\/span><\/span><\/a><\/p>\n\n\n<p><\/p>\n\n\n","protected":false},"excerpt":{"rendered":"<p>Juste un petit site pour vous pr\u00e9senter un ami, un cr\u00e9ateur, un \u00e9crivain, un fanatique, un passionn\u00e9, un arch\u00e9ologue m\u00e9di\u00e9viste, bref tout un monde dans une seule personne, et bien s\u00fbr vous pouvez consulter ses recherches aux archives d\u00e9partementales du Loir-et-Cher, mais sur ce site vous pourrez \u00e9galement faire des recherches sur des noms de &hellip; <\/p>\n<p class=\"link-more\"><a href=\"https:\/\/lecubin.fr\/\" class=\"more-link\">Continuer la lecture<span class=\"screen-reader-text\"> de &laquo;&nbsp;Accueil&nbsp;&raquo;<\/span><\/a><\/p>\n","protected":false},"author":1,"featured_media":0,"parent":0,"menu_order":0,"comment_status":"closed","ping_status":"closed","template":"","meta":{"footnotes":""},"class_list":["post-25","page","type-page","status-publish","hentry"],"_links":{"self":[{"href":"https:\/\/lecubin.fr\/index.php\/wp-json\/wp\/v2\/pages\/25","targetHints":{"allow":["GET"]}}],"collection":[{"href":"https:\/\/lecubin.fr\/index.php\/wp-json\/wp\/v2\/pages"}],"about":[{"href":"https:\/\/lecubin.fr\/index.php\/wp-json\/wp\/v2\/types\/page"}],"author":[{"embeddable":true,"href":"https:\/\/lecubin.fr\/index.php\/wp-json\/wp\/v2\/users\/1"}],"replies":[{"embeddable":true,"href":"https:\/\/lecubin.fr\/index.php\/wp-json\/wp\/v2\/comments?post=25"}],"version-history":[{"count":19,"href":"https:\/\/lecubin.fr\/index.php\/wp-json\/wp\/v2\/pages\/25\/revisions"}],"predecessor-version":[{"id":655,"href":"https:\/\/lecubin.fr\/index.php\/wp-json\/wp\/v2\/pages\/25\/revisions\/655"}],"wp:attachment":[{"href":"https:\/\/lecubin.fr\/index.php\/wp-json\/wp\/v2\/media?parent=25"}],"curies":[{"name":"wp","href":"https:\/\/api.w.org\/{rel}","templated":true}]}}